{"id":3483,"date":"2022-11-08T18:13:13","date_gmt":"2022-11-08T18:13:13","guid":{"rendered":"https:\/\/igrafic.net\/ansvarsfraskrivelse"},"modified":"2023-08-16T10:46:23","modified_gmt":"2023-08-16T10:46:23","slug":"ansvarsfraskrivelse","status":"publish","type":"page","link":"https:\/\/igrafic.net\/no\/ansvarsfraskrivelse","title":{"rendered":"Ansvarsfraskrivelse"},"content":{"rendered":"\n<!-- Legal document generated by Complianz | GDPR\/CCPA Cookie Consent https:\/\/wordpress.org\/plugins\/complianz-gdpr -->\n<div id=\"cmplz-document\" class=\"cmplz-document disclaimer cmplz-document-all\"><p>Marius Anthony Rolstad Andersen er forpliktet til \u00e5 holde dette nettstedet oppdatert og med korrekt informasjon. Skulle du likevel oppleve noe som ikke er korrekt eller utdatert, vil vi bli takknemlige dersom du varsler oss om dette. Vennligt oppgi hvor p\u00e5 nettstedet du fant dette. Vi vil da tak tak i dette snarest. Vennligst send din respons via e-post til: <span class=\"cmplz-obfuscate\">&#105;&#110;&#102;o@<span class=\"cmplz-fmail-domain\">ex&#046;&#099;&#111;m<\/span>igr&#097;&#102;&#105;c.ne&#116;<\/span>.<\/p><p>Vi er ikke ansvarlige for tap som f\u00f8lge av un\u00f8yaktigheter eller ufullstendighet, og heller ikke for tap som f\u00f8lge av problemer for\u00e5rsaket av eller forbundet med spredning av informasjon over Internett, for eksempel forstyrrelser eller avbrudd. Ved bruk av nettskjemaer tilstreber vi \u00e5 begrense antall obligatoriske felt til et minimum. For tap som f\u00f8lge av bruk av data, r\u00e5d eller ideer levert av eller p\u00e5 vegne av Marius Anthony Rolstad Andersen via denne nettsiden,  Marius Anthony Rolstad Andersen aksepteres intet ansvar.<\/p><p>Bruk av dette nettstedet og alle komponentene (inkludert fora) er gjenstand for f\u00f8lgende <a href=\"https:\/\/igrafic.net\/terms-conditions\" target=\"_blank\">betingelser for bruk<\/a>. Selv beskjeden bruk av nettstedet inneb\u00e6rer at du har kunnskap om og aksepterer disse betingelsene.<\/p><p>Eventuelle personlige data som du gir oss i sammenheng med din tilbakemelding eller foresp\u00f8rsel vil kun bli brukt i henhold til v\u00e5r personvernerkl\u00e6ring.<\/p><p>Marius Anthony Rolstad Andersen tar ikke ansvar for innhold fra nettsteder der en hyperlink eller annen referanse er gjort. Betingelser og forhold rundt Produkter og tjenester tilbudt av tredjeparts-akt\u00f8rer er utelukkende den aktuelle tredjeparts-akt\u00f8rens ansvar.<\/p><p>V\u00e5r ansatte skal gj\u00f8re alt for \u00e5 sikre tilgang til v\u00e5rt nettsted og s\u00f8rge for at det blir forbedret fortl\u00f8pende. Inkludert for personer som bruker spesialprogramvare pga funksjonshemning.<\/p><p>Dette nettstedet er derfor bygget i henhold til WCAG 2.1-niv\u00e5 AA retningslinjer. Disse retningslinjene er internasjonalt anerkjente avtaler om tilgjengelighet, b\u00e6rekraft, utskiftbarhet og finnbarhet av nettsteder.<\/p><p>Alle immaterielle rettigheter til innhold p\u00e5 dette nettstedet er innhentet Marius Anthony Rolstad Andersen.<\/p><p>Kopiering, spredning eller en hvilken som helst annen bruk av materiale er ikke tillatt uten skriftlig tillatelse fra Marius Anthony Rolstad Andersen, unntatt, og bare i det omfang som ellers er fastsatt ved bestemmelser i lov og forskrifter (slik som retten til \u00e5 sitere), med mindre det aktuelle innholdet har bestemmelser om noe annet.<\/p><p>Dersom du har sp\u00f8rsm\u00e5l eller problemer med tilgjengeligheten p\u00e5 dette nettstedet, vennligst kontakt oss.<\/p><\/div>","protected":false},"excerpt":{"rendered":"","protected":false},"author":1,"featured_media":0,"parent":0,"menu_order":0,"comment_status":"closed","ping_status":"closed","template":"","meta":{"_kad_blocks_custom_css":"","_kad_blocks_head_custom_js":"","_kad_blocks_body_custom_js":"","_kad_blocks_footer_custom_js":"","_kad_post_transparent":"","_kad_post_title":"","_kad_post_layout":"","_kad_post_sidebar_id":"","_kad_post_content_style":"","_kad_post_vertical_padding":"","_kad_post_feature":"","_kad_post_feature_position":"","_kad_post_header":false,"_kad_post_footer":false,"footnotes":""},"class_list":["post-3483","page","type-page","status-publish","hentry"],"taxonomy_info":[],"featured_image_src_large":false,"author_info":{"display_name":"igrafic_marius","author_link":"https:\/\/igrafic.net\/no\/author\/igrafic_marius"},"comment_info":0,"_links":{"self":[{"href":"https:\/\/igrafic.net\/no\/wp-json\/wp\/v2\/pages\/3483","targetHints":{"allow":["GET"]}}],"collection":[{"href":"https:\/\/igrafic.net\/no\/wp-json\/wp\/v2\/pages"}],"about":[{"href":"https:\/\/igrafic.net\/no\/wp-json\/wp\/v2\/types\/page"}],"author":[{"embeddable":true,"href":"https:\/\/igrafic.net\/no\/wp-json\/wp\/v2\/users\/1"}],"replies":[{"embeddable":true,"href":"https:\/\/igrafic.net\/no\/wp-json\/wp\/v2\/comments?post=3483"}],"version-history":[{"count":1,"href":"https:\/\/igrafic.net\/no\/wp-json\/wp\/v2\/pages\/3483\/revisions"}],"predecessor-version":[{"id":3484,"href":"https:\/\/igrafic.net\/no\/wp-json\/wp\/v2\/pages\/3483\/revisions\/3484"}],"wp:attachment":[{"href":"https:\/\/igrafic.net\/no\/wp-json\/wp\/v2\/media?parent=3483"}],"curies":[{"name":"wp","href":"https:\/\/api.w.org\/{rel}","templated":true}]}}